{"id":1448,"date":"2021-07-27T11:25:58","date_gmt":"2021-07-27T09:25:58","guid":{"rendered":"https:\/\/www.trasterscalella.com\/contacto\/"},"modified":"2021-09-12T15:40:51","modified_gmt":"2021-09-12T13:40:51","slug":"contacto","status":"publish","type":"page","link":"https:\/\/www.trasterscalella.com\/es\/contacto\/","title":{"rendered":"Contacto"},"content":{"rendered":"<p><div class=\"fusion-fullwidth fullwidth-box fusion-builder-row-1 fusion-parallax-none nonhundred-percent-fullwidth hundred-percent-height hundred-percent-height-center-content non-hundred-percent-height-scrolling fusion-equal-height-columns lazyload\" style=\"--awb-background-position:right bottom;--awb-border-radius-top-left:0px;--awb-border-radius-top-right:0px;--awb-border-radius-bottom-right:0px;--awb-border-radius-bottom-left:0px;--awb-padding-top:6%;--awb-padding-bottom:3%;--awb-background-size:cover;--awb-flex-wrap:wrap;\" data-bg=\"https:\/\/www.trasterscalella.com\/wp-content\/uploads\/2019\/05\/img-fondo-trasters-calella2.jpg\" ><div class=\"fusion-fullwidth-center-content\"><div class=\"fusion-builder-row fusion-row\"><div class=\"fusion-layout-column fusion_builder_column fusion-builder-column-0 fusion_builder_column_1_2 1_2 fusion-one-half fusion-column-first fusion-animated\" style=\"--awb-bg-size:cover;width:50%;width:calc(50% - ( ( 4% ) * 0.5 ) );margin-right: 4%;\" data-animationType=\"fadeInLeft\" data-animationDuration=\"0.6\" data-animationOffset=\"top-into-view\"><div class=\"fusion-column-wrapper fusion-flex-column-wrapper-legacy\"><div class=\"fusion-column-content-centered\"><div class=\"fusion-column-content\"><div class=\"fusion-sep-clear\"><\/div><div class=\"fusion-separator fusion-no-large-visibility fusion-full-width-sep\" style=\"margin-left: auto;margin-right: auto;margin-top:30px;width:100%;\"><\/div><div class=\"fusion-sep-clear\"><\/div><div class=\"fusion-title title fusion-title-1 fusion-sep-none fusion-title-text fusion-title-size-one\" style=\"--awb-text-color:#ffffff;--awb-margin-bottom:10px;\"><h1 class=\"fusion-title-heading title-heading-left fusion-responsive-typography-calculated\" style=\"margin:0;--fontSize:50;line-height:1.2;\">Encuentra el espacio que necesitas<\/h1><\/div><div class=\"fusion-text fusion-text-1\"><p><span style=\"color: #ffffff; font-size: 30px; line-height: 30px;\">Trasteros en Calella seguros y con capacidad<\/span><\/p>\n<\/div><div class=\"fusion-sep-clear\"><\/div><div class=\"fusion-separator fusion-full-width-sep\" style=\"margin-left: auto;margin-right: auto;margin-top:25px;width:100%;\"><\/div><div class=\"fusion-sep-clear\"><\/div><div class=\"fusion-button-wrapper\"><a class=\"fusion-button button-flat button-xlarge button-default fusion-button-default button-1 fusion-button-default-span fusion-button-default-type\" target=\"_self\" href=\"tel:0034630568880\"><span class=\"fusion-button-text awb-button__text awb-button__text--default\">T. 630 56 88 80<\/span><\/a><\/div><div class=\"fusion-sep-clear\"><\/div><div class=\"fusion-separator fusion-no-large-visibility fusion-full-width-sep\" style=\"margin-left: auto;margin-right: auto;margin-top:40px;width:100%;\"><\/div><div class=\"fusion-sep-clear\"><\/div><\/div><\/div><div class=\"fusion-clearfix\"><\/div><\/div><\/div><div class=\"fusion-layout-column fusion_builder_column fusion-builder-column-1 fusion_builder_column_1_2 1_2 fusion-one-half fusion-column-last fusion-animated\" style=\"--awb-padding-top:40px;--awb-padding-right:40px;--awb-padding-bottom:40px;--awb-padding-left:40px;--awb-bg-color:rgba(0,0,0,0.35);--awb-bg-color-hover:rgba(0,0,0,0.35);--awb-bg-size:cover;--awb-border-color:#eaeaea;--awb-border-style:solid;width:50%;width:calc(50% - ( ( 4% ) * 0.5 ) );\" data-animationType=\"fadeInUp\" data-animationDuration=\"0.6\" data-animationOffset=\"top-into-view\"><div class=\"fusion-column-wrapper fusion-column-has-shadow fusion-flex-column-wrapper-legacy\"><div class=\"fusion-column-content-centered\"><div class=\"fusion-column-content\"><div class=\"fusion-title title fusion-title-2 fusion-sep-none fusion-title-center fusion-title-text fusion-title-size-three\"><h3 class=\"fusion-title-heading title-heading-center fusion-responsive-typography-calculated\" style=\"margin:0;--fontSize:28;line-height:1.3;\">Rellena el formulario<\/h3><\/div><div class=\"fusion-text fusion-text-2\"><p style=\"text-align: center;\"><span style=\"color: #ffffff;\">Para resolver tus dudas y para consultar todo el espacio que te podemos ofrecer con nuestros trasteros.<br \/>\n<\/span><\/p>\n<\/div><div class=\"frm_forms  with_frm_style frm_style_estilos-formidable\" id=\"frm_form_5_container\" data-token=\"a5bc8fab22c7f5c4d510667d9efd87d5\">\n<form enctype=\"multipart\/form-data\" method=\"post\" class=\"frm-show-form  frm_pro_form \" id=\"form_contact-form-es\" data-token=\"a5bc8fab22c7f5c4d510667d9efd87d5\">\n<div class=\"frm_form_fields \">\n<fieldset>\n<legend class=\"frm_screen_reader\">Contacto - ES<\/legend>\r\n\r\n<div class=\"frm_fields_container\">\n<input type=\"hidden\" name=\"frm_action\" value=\"create\" \/>\n<input type=\"hidden\" name=\"form_id\" value=\"5\" \/>\n<input type=\"hidden\" name=\"frm_hide_fields_5\" id=\"frm_hide_fields_5\" value=\"\" \/>\n<input type=\"hidden\" name=\"form_key\" value=\"contact-form-es\" \/>\n<input type=\"hidden\" name=\"item_meta[0]\" value=\"\" \/>\n<input type=\"hidden\" id=\"frm_submit_entry_5\" name=\"frm_submit_entry_5\" value=\"2a6e320c21\" \/><input type=\"hidden\" name=\"_wp_http_referer\" value=\"\/es\/wp-json\/wp\/v2\/pages\/1448\" \/><div id=\"frm_field_65_container\" class=\"frm_form_field form-field  frm_required_field frm_top_container frm_first frm_half\">\r\n    <label for=\"field_qh4icy70d20e746a\" id=\"field_qh4icy70d20e746a_label\" class=\"frm_primary_label\">Nombre\r\n        <span class=\"frm_required\">*<\/span>\r\n    <\/label>\r\n    <input  type=\"text\" id=\"field_qh4icy70d20e746a\" name=\"item_meta[65]\" value=\"\"  placeholder=\"Nombre\" data-reqmsg=\"Este campo no puede estar en blanco.\" aria-required=\"true\" data-invmsg=\"Name no es v\u00e1lido\" aria-invalid=\"false\"   \/>\r\n    \r\n    \r\n<\/div>\n<div id=\"frm_field_66_container\" class=\"frm_form_field form-field  frm_required_field frm_top_container frm_half\">\r\n    <label for=\"field_fsxyu7854865270\" id=\"field_fsxyu7854865270_label\" class=\"frm_primary_label\"> Tel\u00e9fono\r\n        <span class=\"frm_required\">*<\/span>\r\n    <\/label>\r\n    <input type=\"tel\" id=\"field_fsxyu7854865270\" name=\"item_meta[66]\" value=\"\"  placeholder=\"Tel\u00e9fono\" data-reqmsg=\"Este campo no puede estar en blanco.\" aria-required=\"true\" data-invmsg=\"Tel\u00e9fono no es v\u00e1lido\" aria-invalid=\"false\" pattern=\"((\\+\\d{1,3}(-|.| )?\\(?\\d\\)?(-| |.)?\\d{1,5})|(\\(?\\d{2,6}\\)?))(-|.| )?(\\d{3,4})(-|.| )?(\\d{4})(( x| ext)\\d{1,5}){0,1}$\"  \/>\r\n    \r\n    \r\n<\/div>\n<div id=\"frm_field_67_container\" class=\"frm_form_field form-field  frm_required_field frm_top_container frm_full\">\r\n    <label for=\"field_29yf4dfad2d8853e\" id=\"field_29yf4dfad2d8853e_label\" class=\"frm_primary_label\">Email\r\n        <span class=\"frm_required\">*<\/span>\r\n    <\/label>\r\n    <input type=\"email\" id=\"field_29yf4dfad2d8853e\" name=\"item_meta[67]\" value=\"\"  placeholder=\"Email\" data-reqmsg=\"Este campo no puede estar en blanco.\" aria-required=\"true\" data-invmsg=\"Please enter a valid email address\" aria-invalid=\"false\"  \/>\r\n    \r\n    \r\n<\/div>\n<div id=\"frm_field_68_container\" class=\"frm_form_field form-field  frm_required_field frm_top_container frm_full\">\r\n    <label for=\"field_4yx9l1b624ab910\" id=\"field_4yx9l1b624ab910_label\" class=\"frm_primary_label\">Escoge la tarifa\r\n        <span class=\"frm_required\">*<\/span>\r\n    <\/label>\r\n    \t\t<select name=\"item_meta[68]\" id=\"field_4yx9l1b624ab910\"  data-reqmsg=\"Este campo no puede estar en blanco.\" aria-required=\"true\" data-invmsg=\"Escoge la tarifa no es v\u00e1lido\" aria-invalid=\"false\"  >\n\t\t<option  value=\"Trastero S - 55\u20ac\/mes\">Trastero S - 55\u20ac\/mes<\/option><option  value=\"Trastero M - 65\u20ac\/mes\">Trastero M - 65\u20ac\/mes<\/option><option  value=\"Trastero L - 80\u20ac\/mes\">Trastero L - 80\u20ac\/mes<\/option><option  value=\"Parking Motos - 35\u20ac\/mes\">Parking Motos - 35\u20ac\/mes<\/option>\t<\/select>\n\t\r\n    \r\n    \r\n<\/div>\n<div id=\"frm_field_69_container\" class=\"frm_form_field form-field  frm_top_container frm_full\">\r\n    <label for=\"field_9jv0r1ab953f20b1\" id=\"field_9jv0r1ab953f20b1_label\" class=\"frm_primary_label\">Observaciones\r\n        <span class=\"frm_required\"><\/span>\r\n    <\/label>\r\n    <textarea name=\"item_meta[69]\" id=\"field_9jv0r1ab953f20b1\" rows=\"5\"  placeholder=\"Observaciones\" data-invmsg=\"Observaciones no es v\u00e1lido\" aria-invalid=\"false\"  ><\/textarea>\r\n    \r\n    \r\n<\/div>\n<div id=\"frm_field_70_container\" class=\"frm_form_field form-field  frm_none_container\">\r\n    <div  id=\"field_ibypmcb88321766_label\" class=\"frm_primary_label\">reCAPTCHA\r\n        <span class=\"frm_required\"><\/span>\r\n    <\/div>\r\n    <div  id=\"field_ibypmcb88321766\" class=\"frm-g-recaptcha\" data-sitekey=\"6LfqvaQUAAAAAA7AP-7kvLD8Bjsr_n5e9o83YOHs\" data-size=\"normal\" data-theme=\"light\"><\/div>\r\n    \r\n    \r\n<\/div>\n<div id=\"frm_field_71_container\" class=\"frm_form_field form-field \">\n\t<div class=\"frm_submit\">\r\n\r\n<button class=\"frm_button_submit frm_final_submit\" type=\"submit\"   formnovalidate=\"formnovalidate\">Enviar<\/button>\r\n\r\n<\/div>\n<\/div>\n\t<input type=\"hidden\" name=\"item_key\" value=\"\" \/>\n\t\t\t<div id=\"frm_field_73_container\">\n\t\t\t<label for=\"field_h56vr\" >\n\t\t\t\tSi eres humano, deja este campo en blanco.\t\t\t<\/label>\n\t\t\t<input  id=\"field_h56vr\" type=\"text\" class=\"frm_form_field form-field frm_verify\" name=\"item_meta[73]\" value=\"\"  \/>\n\t\t<\/div>\n\t\t<input name=\"frm_state\" type=\"hidden\" value=\"giiaOVa\/d0Nd0xdGPf9ikEEVdI5FFLin2dzYNK+H1\/8IukdcgO8abulgPQcGXYVh\" \/><\/div>\n<\/fieldset>\n<\/div>\n\n<\/form>\n<\/div>\n<\/div><\/div><div class=\"fusion-clearfix\"><\/div><\/div><\/div><\/div><\/div><\/div><div class=\"fusion-fullwidth fullwidth-box fusion-builder-row-2 nonhundred-percent-fullwidth non-hundred-percent-height-scrolling\" style=\"--awb-border-radius-top-left:0px;--awb-border-radius-top-right:0px;--awb-border-radius-bottom-right:0px;--awb-border-radius-bottom-left:0px;--awb-padding-top:120px;--awb-padding-bottom:60px;--awb-flex-wrap:wrap;\" ><div class=\"fusion-builder-row fusion-row\"><div class=\"fusion-layout-column fusion_builder_column fusion-builder-column-2 fusion_builder_column_1_1 1_1 fusion-one-full fusion-column-first fusion-column-last fusion-animated\" style=\"--awb-bg-size:cover;\" data-animationType=\"fadeInUp\" data-animationDuration=\"0.6\" data-animationOffset=\"top-into-view\"><div class=\"fusion-column-wrapper fusion-flex-column-wrapper-legacy\"><div class=\"fusion-content-boxes content-boxes columns row fusion-columns-3 fusion-columns-total-3 fusion-content-boxes-1 content-boxes-icon-on-top content-left\" style=\"--awb-hover-accent-color:#f59d2b;--awb-circle-hover-accent-color:#f59d2b;\" data-animationOffset=\"top-into-view\"><div style=\"--awb-backgroundcolor:rgba(255,255,255,0);\" class=\"fusion-column content-box-column content-box-column content-box-column-1 col-lg-4 col-md-4 col-sm-4 fusion-content-box-hover content-box-column-first-in-row\"><div class=\"col content-box-wrapper content-wrapper link-area-link-icon icon-hover-animation-pulsate\" data-animationOffset=\"top-into-view\"><div class=\"heading heading-with-icon icon-left\"><div class=\"icon\"><i style=\"border-color:rgba(51,51,51,0);border-width:1px;background-color:#f59d2b;box-sizing:content-box;height:90px;width:90px;line-height:90px;border-radius:50%;font-size:45px;\" aria-hidden=\"true\" class=\"fontawesome-icon fa-phone fas circle-yes\"><\/i><\/div><h3 class=\"content-box-heading fusion-responsive-typography-calculated\" style=\"--h3_typography-font-size:21px;--fontSize:21;line-height:1.3;\">Ll\u00e1manos<\/h3><\/div><div class=\"fusion-clearfix\"><\/div><div class=\"content-container\">\n<p style=\"text-align: center;\">Te atenderemos con la atenci\u00f3n que mereces y resolveremos tus dudas<\/p>\n<p style=\"text-align: center;\"><strong>T. 630 56 88 80<\/strong><\/p>\n<\/div><\/div><\/div><div style=\"--awb-backgroundcolor:rgba(255,255,255,0);\" class=\"fusion-column content-box-column content-box-column content-box-column-2 col-lg-4 col-md-4 col-sm-4 fusion-content-box-hover \"><div class=\"col content-box-wrapper content-wrapper link-area-link-icon icon-hover-animation-pulsate\" data-animationOffset=\"top-into-view\"><div class=\"heading heading-with-icon icon-left\"><div class=\"icon\"><i style=\"border-color:rgba(51,51,51,0);border-width:1px;background-color:#f59d2b;box-sizing:content-box;height:90px;width:90px;line-height:90px;border-radius:50%;font-size:45px;\" aria-hidden=\"true\" class=\"fontawesome-icon fa-envelope fas circle-yes\"><\/i><\/div><h3 class=\"content-box-heading fusion-responsive-typography-calculated\" style=\"--h3_typography-font-size:21px;--fontSize:21;line-height:1.3;\">Env\u00edanos un email<\/h3><\/div><div class=\"fusion-clearfix\"><\/div><div class=\"content-container\">\n<p style=\"text-align: center;\">Te responderemos lo antes posible una vez recibamos tu petici\u00f3n por email.<\/p>\n<p style=\"text-align: center;\"><strong>susimarre706@hotmail.com<\/strong><\/p>\n<\/div><\/div><\/div><div style=\"--awb-backgroundcolor:rgba(255,255,255,0);\" class=\"fusion-column content-box-column content-box-column content-box-column-3 col-lg-4 col-md-4 col-sm-4 fusion-content-box-hover content-box-column-last content-box-column-last-in-row\"><div class=\"col content-box-wrapper content-wrapper link-area-link-icon icon-hover-animation-pulsate\" data-animationOffset=\"top-into-view\"><div class=\"heading heading-with-icon icon-left\"><div class=\"icon\"><i style=\"border-color:rgba(51,51,51,0);border-width:1px;background-color:#f59d2b;box-sizing:content-box;height:90px;width:90px;line-height:90px;border-radius:50%;font-size:45px;\" aria-hidden=\"true\" class=\"fontawesome-icon fa-clock far circle-yes\"><\/i><\/div><h3 class=\"content-box-heading fusion-responsive-typography-calculated\" style=\"--h3_typography-font-size:21px;--fontSize:21;line-height:1.3;\">En cualquier momento<\/h3><\/div><div class=\"fusion-clearfix\"><\/div><div class=\"content-container\">\n<p style=\"text-align: center;\">Estamos a tu disposici\u00f3n para contarte todas las posibilidades de espacio que tenemos.<\/p>\n<p style=\"text-align: center;\"><strong>Lun. a Vie. de 9h a 20h<\/strong><\/p>\n<\/div><\/div><\/div><div class=\"fusion-clearfix\"><\/div><\/div><div class=\"fusion-clearfix\"><\/div><\/div><\/div><\/div><\/div><div class=\"fusion-fullwidth fullwidth-box fusion-builder-row-3 hundred-percent-fullwidth non-hundred-percent-height-scrolling\" style=\"--awb-border-radius-top-left:0px;--awb-border-radius-top-right:0px;--awb-border-radius-bottom-right:0px;--awb-border-radius-bottom-left:0px;--awb-padding-right:0px;--awb-padding-left:0px;--awb-flex-wrap:wrap;\" ><div class=\"fusion-builder-row fusion-row\"><div class=\"fusion-layout-column fusion_builder_column fusion-builder-column-3 fusion_builder_column_1_1 1_1 fusion-one-full fusion-column-first fusion-column-last\" style=\"--awb-bg-size:cover;\"><div class=\"fusion-column-wrapper fusion-column-has-shadow fusion-flex-column-wrapper-legacy\">\t\t\t\t\t<script type=\"text\/javascript\">\n\t\t\t\t\t\tvar map_fusion_map_69e5e388e263d;\n\t\t\t\t\t\tvar markers = [];\n\t\t\t\t\t\tvar counter = 0;\n\t\t\t\t\t\t\t\t\t\t\t\t\t\t\t\t\t\t\t\tvar fusionMapNonce = 'eeff5f478d';\n\t\t\t\t\t\t\t\t\t\t\t\tfunction fusion_run_map_fusion_map_69e5e388e263d() {\n\t\t\t\t\t\t\tjQuery('#fusion_map_69e5e388e263d').fusion_maps({\n\t\t\t\t\t\t\t\taddresses: [{\"address\":\"Calle del Raval, 40, 08370 Calella, Barcelona\",\"infobox_content\":\"Calle del Raval, 40, 08370 Calella, Barcelona\",\"coordinates\":false,\"cache\":true,\"latitude\":\"41.6146997\",\"longitude\":\"2.6583467\"}],\n\t\t\t\t\t\t\t\tanimations: false,\n\t\t\t\t\t\t\t\tinfobox_background_color: '',\n\t\t\t\t\t\t\t\tinfobox_styling: 'default',\n\t\t\t\t\t\t\t\tinfobox_text_color: '',\n\t\t\t\t\t\t\t\tmap_style: 'default',\n\t\t\t\t\t\t\t\tmap_type: 'roadmap',\n\t\t\t\t\t\t\t\tmarker_icon: '',\n\t\t\t\t\t\t\t\toverlay_color: '',\n\t\t\t\t\t\t\t\toverlay_color_hsl: {\"hue\":0,\"sat\":0,\"lum\":100},\n\t\t\t\t\t\t\t\tshow_address: true,\n\t\t\t\t\t\t\t\tscale_control: true,\n\t\t\t\t\t\t\t\tscrollwheel: false,\n\t\t\t\t\t\t\t\tzoom: 14,\n\t\t\t\t\t\t\t\tzoom_control: true,\n\t\t\t\t\t\t\t});\n\t\t\t\t\t\t}\n\n\t\t\t\t\t\tgoogle.maps.event.addDomListener(window, 'load', fusion_run_map_fusion_map_69e5e388e263d);\n\t\t\t\t\t<\/script>\n\t\t\t\t\t<div class=\"shortcode-map fusion-google-map fusion-maps-js-type\" style=\"--awb-height:350px;\" id=\"fusion_map_69e5e388e263d\"><\/div><div class=\"fusion-clearfix\"><\/div><\/div><\/div><\/div><\/div>\n<\/p>\n","protected":false},"excerpt":{"rendered":"","protected":false},"author":1,"featured_media":0,"parent":0,"menu_order":0,"comment_status":"closed","ping_status":"closed","template":"100-width.php","meta":{"footnotes":""},"class_list":["post-1448","page","type-page","status-publish","hentry"],"yoast_head":"<!-- This site is optimized with the Yoast SEO plugin v26.7 - https:\/\/yoast.com\/wordpress\/plugins\/seo\/ -->\n<title>Contacto . Inf\u00f3rmate sobre nuestros trasteros &#187; Trasters Calella<\/title>\n<meta name=\"description\" content=\"Trasteros Calella estamos ubicados en el Maresme. Disponemos de trasteros en Calella de diferentes tama\u00f1os y precios seg\u00fan sus necesidades. Cont\u00e1ctanos ahora!\" \/>\n<meta name=\"robots\" content=\"index, follow, max-snippet:-1, max-image-preview:large, max-video-preview:-1\" \/>\n<link rel=\"canonical\" href=\"https:\/\/www.trasterscalella.com\/es\/contacto\/\" \/>\n<meta property=\"og:locale\" content=\"es_ES\" \/>\n<meta property=\"og:type\" content=\"article\" \/>\n<meta property=\"og:title\" content=\"Contacto . Inf\u00f3rmate sobre nuestros trasteros &#187; Trasters Calella\" \/>\n<meta property=\"og:description\" content=\"Trasteros Calella estamos ubicados en el Maresme. Disponemos de trasteros en Calella de diferentes tama\u00f1os y precios seg\u00fan sus necesidades. Cont\u00e1ctanos ahora!\" \/>\n<meta property=\"og:url\" content=\"https:\/\/www.trasterscalella.com\/es\/contacto\/\" \/>\n<meta property=\"og:site_name\" content=\"Trasters Calella\" \/>\n<meta property=\"article:modified_time\" content=\"2021-09-12T13:40:51+00:00\" \/>\n<meta name=\"twitter:card\" content=\"summary_large_image\" \/>\n<meta name=\"twitter:label1\" content=\"Tiempo de lectura\" \/>\n\t<meta name=\"twitter:data1\" content=\"6 minutos\" \/>\n<script type=\"application\/ld+json\" class=\"yoast-schema-graph\">{\"@context\":\"https:\/\/schema.org\",\"@graph\":[{\"@type\":\"WebPage\",\"@id\":\"https:\/\/www.trasterscalella.com\/es\/contacto\/\",\"url\":\"https:\/\/www.trasterscalella.com\/es\/contacto\/\",\"name\":\"Contacto . Inf\u00f3rmate sobre nuestros trasteros &#187; Trasters Calella\",\"isPartOf\":{\"@id\":\"https:\/\/www.trasterscalella.com\/es\/#website\"},\"datePublished\":\"2021-07-27T09:25:58+00:00\",\"dateModified\":\"2021-09-12T13:40:51+00:00\",\"description\":\"Trasteros Calella estamos ubicados en el Maresme. Disponemos de trasteros en Calella de diferentes tama\u00f1os y precios seg\u00fan sus necesidades. Cont\u00e1ctanos ahora!\",\"breadcrumb\":{\"@id\":\"https:\/\/www.trasterscalella.com\/es\/contacto\/#breadcrumb\"},\"inLanguage\":\"es\",\"potentialAction\":[{\"@type\":\"ReadAction\",\"target\":[\"https:\/\/www.trasterscalella.com\/es\/contacto\/\"]}]},{\"@type\":\"BreadcrumbList\",\"@id\":\"https:\/\/www.trasterscalella.com\/es\/contacto\/#breadcrumb\",\"itemListElement\":[{\"@type\":\"ListItem\",\"position\":1,\"name\":\"Portada\",\"item\":\"https:\/\/www.trasterscalella.com\/es\/\"},{\"@type\":\"ListItem\",\"position\":2,\"name\":\"Contacto\"}]},{\"@type\":\"WebSite\",\"@id\":\"https:\/\/www.trasterscalella.com\/es\/#website\",\"url\":\"https:\/\/www.trasterscalella.com\/es\/\",\"name\":\"Trasters Calella\",\"description\":\"La soluci\u00f3 a l&#039;espai de casa teva i de la teva empresa\",\"publisher\":{\"@id\":\"https:\/\/www.trasterscalella.com\/es\/#organization\"},\"potentialAction\":[{\"@type\":\"SearchAction\",\"target\":{\"@type\":\"EntryPoint\",\"urlTemplate\":\"https:\/\/www.trasterscalella.com\/es\/?s={search_term_string}\"},\"query-input\":{\"@type\":\"PropertyValueSpecification\",\"valueRequired\":true,\"valueName\":\"search_term_string\"}}],\"inLanguage\":\"es\"},{\"@type\":\"Organization\",\"@id\":\"https:\/\/www.trasterscalella.com\/es\/#organization\",\"name\":\"Trasters Calella\",\"url\":\"https:\/\/www.trasterscalella.com\/es\/\",\"logo\":{\"@type\":\"ImageObject\",\"inLanguage\":\"es\",\"@id\":\"https:\/\/www.trasterscalella.com\/es\/#\/schema\/logo\/image\/\",\"url\":\"https:\/\/www.trasterscalella.com\/wp-content\/uploads\/2019\/05\/logo-trasters-calella-h48.png\",\"contentUrl\":\"https:\/\/www.trasterscalella.com\/wp-content\/uploads\/2019\/05\/logo-trasters-calella-h48.png\",\"width\":330,\"height\":48,\"caption\":\"Trasters Calella\"},\"image\":{\"@id\":\"https:\/\/www.trasterscalella.com\/es\/#\/schema\/logo\/image\/\"}}]}<\/script>\n<!-- \/ Yoast SEO plugin. -->","yoast_head_json":{"title":"Contacto . Inf\u00f3rmate sobre nuestros trasteros &#187; Trasters Calella","description":"Trasteros Calella estamos ubicados en el Maresme. Disponemos de trasteros en Calella de diferentes tama\u00f1os y precios seg\u00fan sus necesidades. Cont\u00e1ctanos ahora!","robots":{"index":"index","follow":"follow","max-snippet":"max-snippet:-1","max-image-preview":"max-image-preview:large","max-video-preview":"max-video-preview:-1"},"canonical":"https:\/\/www.trasterscalella.com\/es\/contacto\/","og_locale":"es_ES","og_type":"article","og_title":"Contacto . Inf\u00f3rmate sobre nuestros trasteros &#187; Trasters Calella","og_description":"Trasteros Calella estamos ubicados en el Maresme. Disponemos de trasteros en Calella de diferentes tama\u00f1os y precios seg\u00fan sus necesidades. Cont\u00e1ctanos ahora!","og_url":"https:\/\/www.trasterscalella.com\/es\/contacto\/","og_site_name":"Trasters Calella","article_modified_time":"2021-09-12T13:40:51+00:00","twitter_card":"summary_large_image","twitter_misc":{"Tiempo de lectura":"6 minutos"},"schema":{"@context":"https:\/\/schema.org","@graph":[{"@type":"WebPage","@id":"https:\/\/www.trasterscalella.com\/es\/contacto\/","url":"https:\/\/www.trasterscalella.com\/es\/contacto\/","name":"Contacto . Inf\u00f3rmate sobre nuestros trasteros &#187; Trasters Calella","isPartOf":{"@id":"https:\/\/www.trasterscalella.com\/es\/#website"},"datePublished":"2021-07-27T09:25:58+00:00","dateModified":"2021-09-12T13:40:51+00:00","description":"Trasteros Calella estamos ubicados en el Maresme. Disponemos de trasteros en Calella de diferentes tama\u00f1os y precios seg\u00fan sus necesidades. Cont\u00e1ctanos ahora!","breadcrumb":{"@id":"https:\/\/www.trasterscalella.com\/es\/contacto\/#breadcrumb"},"inLanguage":"es","potentialAction":[{"@type":"ReadAction","target":["https:\/\/www.trasterscalella.com\/es\/contacto\/"]}]},{"@type":"BreadcrumbList","@id":"https:\/\/www.trasterscalella.com\/es\/contacto\/#breadcrumb","itemListElement":[{"@type":"ListItem","position":1,"name":"Portada","item":"https:\/\/www.trasterscalella.com\/es\/"},{"@type":"ListItem","position":2,"name":"Contacto"}]},{"@type":"WebSite","@id":"https:\/\/www.trasterscalella.com\/es\/#website","url":"https:\/\/www.trasterscalella.com\/es\/","name":"Trasters Calella","description":"La soluci\u00f3 a l&#039;espai de casa teva i de la teva empresa","publisher":{"@id":"https:\/\/www.trasterscalella.com\/es\/#organization"},"potentialAction":[{"@type":"SearchAction","target":{"@type":"EntryPoint","urlTemplate":"https:\/\/www.trasterscalella.com\/es\/?s={search_term_string}"},"query-input":{"@type":"PropertyValueSpecification","valueRequired":true,"valueName":"search_term_string"}}],"inLanguage":"es"},{"@type":"Organization","@id":"https:\/\/www.trasterscalella.com\/es\/#organization","name":"Trasters Calella","url":"https:\/\/www.trasterscalella.com\/es\/","logo":{"@type":"ImageObject","inLanguage":"es","@id":"https:\/\/www.trasterscalella.com\/es\/#\/schema\/logo\/image\/","url":"https:\/\/www.trasterscalella.com\/wp-content\/uploads\/2019\/05\/logo-trasters-calella-h48.png","contentUrl":"https:\/\/www.trasterscalella.com\/wp-content\/uploads\/2019\/05\/logo-trasters-calella-h48.png","width":330,"height":48,"caption":"Trasters Calella"},"image":{"@id":"https:\/\/www.trasterscalella.com\/es\/#\/schema\/logo\/image\/"}}]}},"_links":{"self":[{"href":"https:\/\/www.trasterscalella.com\/es\/wp-json\/wp\/v2\/pages\/1448","targetHints":{"allow":["GET"]}}],"collection":[{"href":"https:\/\/www.trasterscalella.com\/es\/wp-json\/wp\/v2\/pages"}],"about":[{"href":"https:\/\/www.trasterscalella.com\/es\/wp-json\/wp\/v2\/types\/page"}],"author":[{"embeddable":true,"href":"https:\/\/www.trasterscalella.com\/es\/wp-json\/wp\/v2\/users\/1"}],"replies":[{"embeddable":true,"href":"https:\/\/www.trasterscalella.com\/es\/wp-json\/wp\/v2\/comments?post=1448"}],"version-history":[{"count":0,"href":"https:\/\/www.trasterscalella.com\/es\/wp-json\/wp\/v2\/pages\/1448\/revisions"}],"wp:attachment":[{"href":"https:\/\/www.trasterscalella.com\/es\/wp-json\/wp\/v2\/media?parent=1448"}],"curies":[{"name":"wp","href":"https:\/\/api.w.org\/{rel}","templated":true}]}}