{"id":1459,"date":"2021-07-27T11:45:23","date_gmt":"2021-07-27T09:45:23","guid":{"rendered":"https:\/\/www.trasterscalella.com\/politica-de-cookies\/"},"modified":"2021-07-27T11:45:23","modified_gmt":"2021-07-27T09:45:23","slug":"politica-de-cookies","status":"publish","type":"page","link":"https:\/\/www.trasterscalella.com\/es\/politica-de-cookies\/","title":{"rendered":"Pol\u00edtica de cookies"},"content":{"rendered":"<div class=\"fusion-fullwidth fullwidth-box fusion-builder-row-1 nonhundred-percent-fullwidth non-hundred-percent-height-scrolling\" style=\"--awb-border-radius-top-left:0px;--awb-border-radius-top-right:0px;--awb-border-radius-bottom-right:0px;--awb-border-radius-bottom-left:0px;--awb-padding-top:120px;--awb-padding-bottom:60px;--awb-flex-wrap:wrap;\" ><div class=\"fusion-builder-row fusion-row\"><div class=\"fusion-layout-column fusion_builder_column fusion-builder-column-0 fusion_builder_column_1_1 1_1 fusion-one-full fusion-column-first fusion-column-last fusion-animated\" style=\"--awb-bg-size:cover;\" data-animationType=\"fadeInUp\" data-animationDuration=\"0.6\" data-animationOffset=\"top-into-view\"><div class=\"fusion-column-wrapper fusion-flex-column-wrapper-legacy\"><div class=\"fusion-text fusion-text-1\"><p><strong>Pol\u00edtica de cookies<\/p>\n<p>INFORMACI\u00d3N SOBRE COOKIES<\/strong><\/p>\n<p>Debido a la entrada en vigor de la referente modificaci\u00f3n de la \u201cLey de Servicios de la Sociedad de la Informaci\u00f3n\u201d (LSSICE) establecida por el Real Decreto 13\/2012, es de obligaci\u00f3n obtener el consentimiento expreso del usuario de todas las p\u00e1ginas web que usan cookies prescindibles, antes de que \u00e9ste navegue por ellas.<\/p>\n<p><strong>\u00bfQU\u00c9 SON LAS COOKIES?<\/strong><br \/>\nLas cookies y otras tecnolog\u00edas similares tales como local shared objects, flash cookies o p\u00edxeles, son herramientas empleadas por los servidores Web para almacenar y recuperar informaci\u00f3n acerca de sus visitantes, as\u00ed como para ofrecer un correcto funcionamiento del sitio.<br \/>\nMediante el uso de estos dispositivos se permite al servidor Web recordar algunos datos concernientes al usuario, como sus preferencias para la visualizaci\u00f3n de las p\u00e1ginas de ese servidor, nombre y contrase\u00f1a, productos que m\u00e1s le interesan, etc.<\/p>\n<p><strong>COOKIES AFECTADAS POR LA NORMATIVA Y COOKIES EXCEPTUADAS<\/strong><br \/>\nSeg\u00fan la directiva de la UE, las cookies que requieren el consentimiento informado por parte del usuario son las cookies de anal\u00edtica y las de publicidad y afiliaci\u00f3n, quedando exceptuadas las de car\u00e1cter t\u00e9cnico y las necesarias para el funcionamiento del sitio web o la prestaci\u00f3n de servicios expresamente solicitados por el usuario.<\/p>\n<p><strong>\u00bfQU\u00c9 TIPOS DE <em>COOKIES<\/em> EXISTEN?<\/strong><br \/>\nSobre los tipos de <em>cookies<\/em>, existen cinco grandes grupos:<br \/>\n&#8211; <em>Cookies<\/em> anal\u00edticas: recogen informaci\u00f3n del uso que se realiza del sitio web.<br \/>\n&#8211; <em>Cookies<\/em> sociales: son aquellas necesarias para redes sociales externas.<br \/>\n&#8211; <em>Cookies<\/em> de afiliados: permiten hacer un seguimiento de las visitas procedentes de otras webs, con las que el sitio web establece un contrato de afiliaci\u00f3n (empresas de afiliaci\u00f3n).<br \/>\n&#8211; <em>Cookies<\/em> de publicidad y comportamentales: recogen informaci\u00f3n sobre las preferencias y elecciones personales del usuario (retargeting).<br \/>\n&#8211; <em>Cookies<\/em> t\u00e9cnicas y funcionales: son las estrictamente necesarias para el uso del sitio web y para la prestaci\u00f3n del servicio contratado.<\/p>\n<p><strong><em>COOKIES<\/em> QUE SE UTILIZAN EN ESTE SITIO WEB<\/strong><br \/>\n<strong>PHPSESSID<\/strong>: <em>cookie<\/em> t\u00e9cnica y estrictamente necesaria que contiene el identificador de la sesi\u00f3n. Se elimina al cerrar el navegador.<br \/>\n<strong>_lang:<\/strong> <em>cookie<\/em> t\u00e9cnica y estrictamente necesaria que contiene el idioma de la sesi\u00f3n. Se elimina al cerrar el navegador.<br \/>\n<strong>ac_cookies:<\/strong> <em>cookie<\/em> t\u00e9cnica y estrictamente necesaria que contiene el valor de si se ha aceptado la instalaci\u00f3n de cookies. Caduca en 1 a\u00f1o desde la \u00faltima actualizaci\u00f3n.<br \/>\n<strong>_ga:<\/strong> <em>cookie<\/em> de Google Analytics que habilita la funci\u00f3n de control de visitas \u00fanicas. La primera vez que un usuario entre en el sitio web a trav\u00e9s de un navegador se instalar\u00e1 esta <em>cookie<\/em>. Cuando este usuario vuelva a entrar en la web con el mismo navegador, la <strong>cookie<\/strong> considerar\u00e1 que es el mismo usuario. Solo en el caso de que el usuario cambie de navegador, se considerar\u00e1 otro usuario. Caduca a los 2 a\u00f1os desde la \u00faltima actualizaci\u00f3n. M\u00e1s informaci\u00f3n del tratamiento realizado por Google Analytics aqu\u00ed.<br \/>\n<strong>_gat:<\/strong> Esta <em>cookie<\/em> se asocia con Google Analytics. Se utiliza para limitar la velocidad de petici\u00f3n \u2013 la limitaci\u00f3n de la recogida de datos en los sitios de alto tr\u00e1fico. Caduca a los 10 minutos.<br \/>\n<strong>_gid<\/strong>: Esta <em>cookie<\/em> se asocia con Google Analytics. Se utiliza para distinguir a los usuarios. Caduca a las 24 horas.<\/p>\n<p><strong>REVOCACI\u00d3N DEL CONSENTIMIENTO PARA INSTALAR COOKIES<br \/>\nC\u00d3MO ELIMINAR LAS COOKIES DEL NAVEGADOR<\/strong><br \/>\nChrome<br \/>\n&#8211; Selecciona el icono de Herramientas<br \/>\n&#8211; Haz clic en Configuraci\u00f3n.<br \/>\n&#8211; Haz clic en Mostrar Opciones Avanzadas.<br \/>\n&#8211; En la secci\u00f3n \u00abPrivacidad\u00bb haz clic en Configuraci\u00f3n de contenido.<br \/>\n    \u00b7 Eliminar <em>cookies<\/em>: Haz clic en Todas las <em>cookies<\/em> y los datos de sitios\u2026<br \/>\n    \u00b7 No permitir que se almacenen <em>cookies<\/em>.<br \/>\n&#8211; Haz clic en Eliminar datos de navegaci\u00f3n (vaciar la Cach\u00e9).<br \/>\n&#8211; Cierra y reinicia el navegador.Para m\u00e1s informaci\u00f3n sobre Chrome pulse aqu\u00ed: http:\/\/support.google.com\/chrome\/answer\/95647?hl=es<\/p>\n<p><strong>Internet Explorer. Versi\u00f3n 11<\/strong><br \/>\n&#8211; Selecciona Herramientas | Opciones de Internet.<br \/>\n&#8211; Haz clic en la ficha General.<br \/>\n&#8211; En la secci\u00f3n \u00abHistorial de exploraci\u00f3n\u00bb, haz clic en Eliminar el historial de exploraci\u00f3n al salir.<br \/>\n&#8211; Seleccionar Eliminar archivos.<br \/>\n&#8211; Seleccionar Eliminar <em>cookies.<\/em><br \/>\n&#8211; Haz clic en Eliminar.<br \/>\n&#8211; Haz clic en Aceptar.<br \/>\n&#8211; Cierra y reinicia el navegador.<br \/>\nPara m\u00e1s informaci\u00f3n sobre Internet Explorer pulse aqu\u00ed: https:\/\/support.microsoft.com\/es-es\/kb\/278835<\/p>\n<p><strong>Firefox. Versi\u00f3n 18<\/strong><br \/>\n&#8211; Selecciona Firefox | Historial | Limpiar el historial reciente.<br \/>\n&#8211; Al lado de \u00abDetalles\u00bb, haz clic en la flecha hacia abajo.<br \/>\n&#8211; Selecciona las siguientes casillas de verificaci\u00f3n: Cookies, Cach\u00e9, Inicios de sesi\u00f3n activos<br \/>\n&#8211; Usando el \u00abIntervalo de tiempo para borrar\u00bb en el men\u00fa desplegable, selecciona Todo.<br \/>\n&#8211; Haz clic en Borrar ahora.<br \/>\n&#8211; Cierra y reinicia el navegador.<br \/>\nPuede aceptar o rechazar las <em>cookies<\/em> individualmente en las Preferencias de Firefox, en la secci\u00f3n Historial disponible en Herramientas > Opciones > Privacidad.<br \/>\nPara m\u00e1s informaci\u00f3n sobre Mozilla Firefox pulse aqu\u00ed: https:\/\/www.mozilla.org\/es-ES\/privacy\/websites\/#cookies<\/p>\n<p><strong>Safari Versi\u00f3n 5.1<\/strong><br \/>\n&#8211; Selecciona el icono de Safari \/ Editar | Restaurar Safari.<br \/>\n&#8211; Selecciona las siguientes casillas de verificaci\u00f3n: Borrar el historial, Eliminar todos los datos de sitio web<br \/>\n&#8211; Haz clic en Restablecer.<br \/>\n&#8211; Cierra y reinicia el navegador.<br \/>\nPara m\u00e1s informaci\u00f3n sobre Safari pulse aqu\u00ed: https:\/\/support.apple.com\/kb\/ph21411?locale=es_ES<\/p>\n<p><strong>Opera<\/strong><br \/>\nOpciones \u2013 Avanzado \u2013 Cookies.<br \/>\nLas opciones de <em>cookies <\/em>controlan el modo en que Opera los maneja y por lo tanto su aceptaci\u00f3n o rechazo.<br \/>\nPara m\u00e1s informaci\u00f3n sobre \u00d3pera pulse aqu\u00ed: http:\/\/help.opera.com\/Linux\/10.60\/es-ES\/cookies.html<\/p>\n<p>Otros navegadores<\/p>\n<p>Consulte la documentaci\u00f3n del navegador que tenga instalado.<\/p>\n<\/div><div class=\"fusion-clearfix\"><\/div><\/div><\/div><\/div><\/div>\n","protected":false},"excerpt":{"rendered":"","protected":false},"author":1,"featured_media":0,"parent":0,"menu_order":0,"comment_status":"closed","ping_status":"closed","template":"100-width.php","meta":{"footnotes":""},"class_list":["post-1459","page","type-page","status-publish","hentry"],"yoast_head":"<!-- This site is optimized with the Yoast SEO plugin v26.7 - https:\/\/yoast.com\/wordpress\/plugins\/seo\/ -->\n<title>Pol\u00edtica de cookies . Inf\u00f3rmate sobre nuestros trasteros &#187; Trasters Calella<\/title>\n<meta name=\"description\" content=\"Trasteros Calella estamos ubicados en el Maresme. Disponemos de trasteros de diferentes tama\u00f1os y precios seg\u00fan sus necesidades. \u00a1Cont\u00e1ctanos ahora!\" \/>\n<meta name=\"robots\" content=\"index, follow, max-snippet:-1, max-image-preview:large, max-video-preview:-1\" \/>\n<link rel=\"canonical\" href=\"https:\/\/www.trasterscalella.com\/es\/politica-de-cookies\/\" \/>\n<meta property=\"og:locale\" content=\"es_ES\" \/>\n<meta property=\"og:type\" content=\"article\" \/>\n<meta property=\"og:title\" content=\"Pol\u00edtica de cookies . Inf\u00f3rmate sobre nuestros trasteros &#187; Trasters Calella\" \/>\n<meta property=\"og:description\" content=\"Trasteros Calella estamos ubicados en el Maresme. Disponemos de trasteros de diferentes tama\u00f1os y precios seg\u00fan sus necesidades. \u00a1Cont\u00e1ctanos ahora!\" \/>\n<meta property=\"og:url\" content=\"https:\/\/www.trasterscalella.com\/es\/politica-de-cookies\/\" \/>\n<meta property=\"og:site_name\" content=\"Trasters Calella\" \/>\n<meta name=\"twitter:card\" content=\"summary_large_image\" \/>\n<meta name=\"twitter:label1\" content=\"Tiempo de lectura\" \/>\n\t<meta name=\"twitter:data1\" content=\"6 minutos\" \/>\n<script type=\"application\/ld+json\" class=\"yoast-schema-graph\">{\"@context\":\"https:\/\/schema.org\",\"@graph\":[{\"@type\":\"WebPage\",\"@id\":\"https:\/\/www.trasterscalella.com\/es\/politica-de-cookies\/\",\"url\":\"https:\/\/www.trasterscalella.com\/es\/politica-de-cookies\/\",\"name\":\"Pol\u00edtica de cookies . Inf\u00f3rmate sobre nuestros trasteros &#187; Trasters Calella\",\"isPartOf\":{\"@id\":\"https:\/\/www.trasterscalella.com\/es\/#website\"},\"datePublished\":\"2021-07-27T09:45:23+00:00\",\"description\":\"Trasteros Calella estamos ubicados en el Maresme. Disponemos de trasteros de diferentes tama\u00f1os y precios seg\u00fan sus necesidades. \u00a1Cont\u00e1ctanos ahora!\",\"breadcrumb\":{\"@id\":\"https:\/\/www.trasterscalella.com\/es\/politica-de-cookies\/#breadcrumb\"},\"inLanguage\":\"es\",\"potentialAction\":[{\"@type\":\"ReadAction\",\"target\":[\"https:\/\/www.trasterscalella.com\/es\/politica-de-cookies\/\"]}]},{\"@type\":\"BreadcrumbList\",\"@id\":\"https:\/\/www.trasterscalella.com\/es\/politica-de-cookies\/#breadcrumb\",\"itemListElement\":[{\"@type\":\"ListItem\",\"position\":1,\"name\":\"Portada\",\"item\":\"https:\/\/www.trasterscalella.com\/es\/\"},{\"@type\":\"ListItem\",\"position\":2,\"name\":\"Pol\u00edtica de cookies\"}]},{\"@type\":\"WebSite\",\"@id\":\"https:\/\/www.trasterscalella.com\/es\/#website\",\"url\":\"https:\/\/www.trasterscalella.com\/es\/\",\"name\":\"Trasters Calella\",\"description\":\"La soluci\u00f3 a l&#039;espai de casa teva i de la teva empresa\",\"publisher\":{\"@id\":\"https:\/\/www.trasterscalella.com\/es\/#organization\"},\"potentialAction\":[{\"@type\":\"SearchAction\",\"target\":{\"@type\":\"EntryPoint\",\"urlTemplate\":\"https:\/\/www.trasterscalella.com\/es\/?s={search_term_string}\"},\"query-input\":{\"@type\":\"PropertyValueSpecification\",\"valueRequired\":true,\"valueName\":\"search_term_string\"}}],\"inLanguage\":\"es\"},{\"@type\":\"Organization\",\"@id\":\"https:\/\/www.trasterscalella.com\/es\/#organization\",\"name\":\"Trasters Calella\",\"url\":\"https:\/\/www.trasterscalella.com\/es\/\",\"logo\":{\"@type\":\"ImageObject\",\"inLanguage\":\"es\",\"@id\":\"https:\/\/www.trasterscalella.com\/es\/#\/schema\/logo\/image\/\",\"url\":\"https:\/\/www.trasterscalella.com\/wp-content\/uploads\/2019\/05\/logo-trasters-calella-h48.png\",\"contentUrl\":\"https:\/\/www.trasterscalella.com\/wp-content\/uploads\/2019\/05\/logo-trasters-calella-h48.png\",\"width\":330,\"height\":48,\"caption\":\"Trasters Calella\"},\"image\":{\"@id\":\"https:\/\/www.trasterscalella.com\/es\/#\/schema\/logo\/image\/\"}}]}<\/script>\n<!-- \/ Yoast SEO plugin. -->","yoast_head_json":{"title":"Pol\u00edtica de cookies . Inf\u00f3rmate sobre nuestros trasteros &#187; Trasters Calella","description":"Trasteros Calella estamos ubicados en el Maresme. Disponemos de trasteros de diferentes tama\u00f1os y precios seg\u00fan sus necesidades. \u00a1Cont\u00e1ctanos ahora!","robots":{"index":"index","follow":"follow","max-snippet":"max-snippet:-1","max-image-preview":"max-image-preview:large","max-video-preview":"max-video-preview:-1"},"canonical":"https:\/\/www.trasterscalella.com\/es\/politica-de-cookies\/","og_locale":"es_ES","og_type":"article","og_title":"Pol\u00edtica de cookies . Inf\u00f3rmate sobre nuestros trasteros &#187; Trasters Calella","og_description":"Trasteros Calella estamos ubicados en el Maresme. Disponemos de trasteros de diferentes tama\u00f1os y precios seg\u00fan sus necesidades. \u00a1Cont\u00e1ctanos ahora!","og_url":"https:\/\/www.trasterscalella.com\/es\/politica-de-cookies\/","og_site_name":"Trasters Calella","twitter_card":"summary_large_image","twitter_misc":{"Tiempo de lectura":"6 minutos"},"schema":{"@context":"https:\/\/schema.org","@graph":[{"@type":"WebPage","@id":"https:\/\/www.trasterscalella.com\/es\/politica-de-cookies\/","url":"https:\/\/www.trasterscalella.com\/es\/politica-de-cookies\/","name":"Pol\u00edtica de cookies . Inf\u00f3rmate sobre nuestros trasteros &#187; Trasters Calella","isPartOf":{"@id":"https:\/\/www.trasterscalella.com\/es\/#website"},"datePublished":"2021-07-27T09:45:23+00:00","description":"Trasteros Calella estamos ubicados en el Maresme. Disponemos de trasteros de diferentes tama\u00f1os y precios seg\u00fan sus necesidades. \u00a1Cont\u00e1ctanos ahora!","breadcrumb":{"@id":"https:\/\/www.trasterscalella.com\/es\/politica-de-cookies\/#breadcrumb"},"inLanguage":"es","potentialAction":[{"@type":"ReadAction","target":["https:\/\/www.trasterscalella.com\/es\/politica-de-cookies\/"]}]},{"@type":"BreadcrumbList","@id":"https:\/\/www.trasterscalella.com\/es\/politica-de-cookies\/#breadcrumb","itemListElement":[{"@type":"ListItem","position":1,"name":"Portada","item":"https:\/\/www.trasterscalella.com\/es\/"},{"@type":"ListItem","position":2,"name":"Pol\u00edtica de cookies"}]},{"@type":"WebSite","@id":"https:\/\/www.trasterscalella.com\/es\/#website","url":"https:\/\/www.trasterscalella.com\/es\/","name":"Trasters Calella","description":"La soluci\u00f3 a l&#039;espai de casa teva i de la teva empresa","publisher":{"@id":"https:\/\/www.trasterscalella.com\/es\/#organization"},"potentialAction":[{"@type":"SearchAction","target":{"@type":"EntryPoint","urlTemplate":"https:\/\/www.trasterscalella.com\/es\/?s={search_term_string}"},"query-input":{"@type":"PropertyValueSpecification","valueRequired":true,"valueName":"search_term_string"}}],"inLanguage":"es"},{"@type":"Organization","@id":"https:\/\/www.trasterscalella.com\/es\/#organization","name":"Trasters Calella","url":"https:\/\/www.trasterscalella.com\/es\/","logo":{"@type":"ImageObject","inLanguage":"es","@id":"https:\/\/www.trasterscalella.com\/es\/#\/schema\/logo\/image\/","url":"https:\/\/www.trasterscalella.com\/wp-content\/uploads\/2019\/05\/logo-trasters-calella-h48.png","contentUrl":"https:\/\/www.trasterscalella.com\/wp-content\/uploads\/2019\/05\/logo-trasters-calella-h48.png","width":330,"height":48,"caption":"Trasters Calella"},"image":{"@id":"https:\/\/www.trasterscalella.com\/es\/#\/schema\/logo\/image\/"}}]}},"_links":{"self":[{"href":"https:\/\/www.trasterscalella.com\/es\/wp-json\/wp\/v2\/pages\/1459","targetHints":{"allow":["GET"]}}],"collection":[{"href":"https:\/\/www.trasterscalella.com\/es\/wp-json\/wp\/v2\/pages"}],"about":[{"href":"https:\/\/www.trasterscalella.com\/es\/wp-json\/wp\/v2\/types\/page"}],"author":[{"embeddable":true,"href":"https:\/\/www.trasterscalella.com\/es\/wp-json\/wp\/v2\/users\/1"}],"replies":[{"embeddable":true,"href":"https:\/\/www.trasterscalella.com\/es\/wp-json\/wp\/v2\/comments?post=1459"}],"version-history":[{"count":0,"href":"https:\/\/www.trasterscalella.com\/es\/wp-json\/wp\/v2\/pages\/1459\/revisions"}],"wp:attachment":[{"href":"https:\/\/www.trasterscalella.com\/es\/wp-json\/wp\/v2\/media?parent=1459"}],"curies":[{"name":"wp","href":"https:\/\/api.w.org\/{rel}","templated":true}]}}